{"id":1801,"date":"2024-01-30T21:28:24","date_gmt":"2024-01-30T20:28:24","guid":{"rendered":"https:\/\/franckmarcelin.com\/portrait\/"},"modified":"2024-02-08T15:20:40","modified_gmt":"2024-02-08T14:20:40","slug":"portrait","status":"publish","type":"page","link":"https:\/\/franckmarcelin.com\/en\/portrait\/","title":{"rendered":"Portrait"},"content":{"rendered":"\t\t<div data-elementor-type=\"wp-page\" data-elementor-id=\"1801\" class=\"elementor elementor-1801 elementor-876\" data-elementor-post-type=\"page\">\n\t\t\t\t<div class=\"elementor-element elementor-element-36d9ce4 e-flex e-con-boxed e-con e-parent\" data-id=\"36d9ce4\" data-element_type=\"container\">\n\t\t\t\t\t<div class=\"e-con-inner\">\n\t\t<div class=\"elementor-element elementor-element-b008300 e-con-full e-flex e-con e-child\" data-id=\"b008300\" data-element_type=\"container\">\n\t\t\t\t<div class=\"elementor-element elementor-element-4cd9026 elementor-widget elementor-widget-text-editor\" data-id=\"4cd9026\" data-element_type=\"widget\" data-widget_type=\"text-editor.default\">\n\t\t\t\t<div class=\"elementor-widget-container\">\n\t\t\t\t\t\t\tAfter studying art history and working as a curator at the Mus\u00e9e de la Marine in Paris, Franck Marcelin opened his own gallery in Aix-en-Provence in 1981.<br \/>\r\nSpecializing in Pacific art, curator of exhibitions on the art of Oceania, supplier to national and international museums (Mus\u00e9e du Quai Branly-Jacques Chirac, Cannes, Rochefort, Noum\u00e9a, Milan etc.), he is a member of the F\u00e9d\u00e9ration nationale des experts professionnels sp\u00e9cialis\u00e9s en art and the Conf\u00e9d\u00e9ration europ\u00e9enne des experts d&#8217;art.<br \/>\r\n<br \/>\r\nIn 1981, Franck Marcelin opened his first gallery in Aix-en-Provence. <br \/>\r\nAfter 40 years of discoveries, encounters and diverse exhibitions, he decided at the end of 2021 to close the rue Jaubert gallery for good. <br \/>\r\nHis passion for tribal art, and in particular Oceanic and Northern art, will not end with this closure. <br \/>\r\nIt allows her to devote more time to researching and discovering these wonderful objects.\t\t\t\t\t\t<\/div>\n\t\t\t\t<\/div>\n\t\t\t\t<\/div>\n\t\t<div class=\"elementor-element elementor-element-9006342 e-con-full e-flex e-con e-child\" data-id=\"9006342\" data-element_type=\"container\">\n\t\t\t\t<div class=\"elementor-element elementor-element-a2758bb dce_masking-none elementor-widget elementor-widget-image\" data-id=\"a2758bb\" data-element_type=\"widget\" data-widget_type=\"image.default\">\n\t\t\t\t<div class=\"elementor-widget-container\">\n\t\t\t\t\t\t\t\t\t\t\t\t\t<img fetchpriority=\"high\" decoding=\"async\" width=\"729\" height=\"1024\" src=\"https:\/\/franckmarcelin.com\/wp-content\/uploads\/2024\/02\/franck-Marcelin-300dpi-729x1024.jpg\" class=\"attachment-large size-large wp-image-1577\" alt=\"\" srcset=\"https:\/\/franckmarcelin.com\/wp-content\/uploads\/2024\/02\/franck-Marcelin-300dpi-729x1024.jpg 729w, https:\/\/franckmarcelin.com\/wp-content\/uploads\/2024\/02\/franck-Marcelin-300dpi-214x300.jpg 214w, https:\/\/franckmarcelin.com\/wp-content\/uploads\/2024\/02\/franck-Marcelin-300dpi-768x1079.jpg 768w, https:\/\/franckmarcelin.com\/wp-content\/uploads\/2024\/02\/franck-Marcelin-300dpi-1093x1536.jpg 1093w, https:\/\/franckmarcelin.com\/wp-content\/uploads\/2024\/02\/franck-Marcelin-300dpi.jpg 1111w\" sizes=\"(max-width: 729px) 100vw, 729px\" \/>\t\t\t\t\t\t\t\t\t\t\t\t\t<\/div>\n\t\t\t\t<\/div>\n\t\t\t\t<\/div>\n\t\t\t\t\t<\/div>\n\t\t\t\t<\/div>\n\t\t\t\t<\/div>\n\t\t","protected":false},"excerpt":{"rendered":"","protected":false},"author":1,"featured_media":0,"parent":0,"menu_order":14,"comment_status":"closed","ping_status":"closed","template":"","meta":{"footnotes":""},"class_list":["post-1801","page","type-page","status-publish","hentry"],"acf":[],"_links":{"self":[{"href":"https:\/\/franckmarcelin.com\/en\/wp-json\/wp\/v2\/pages\/1801"}],"collection":[{"href":"https:\/\/franckmarcelin.com\/en\/wp-json\/wp\/v2\/pages"}],"about":[{"href":"https:\/\/franckmarcelin.com\/en\/wp-json\/wp\/v2\/types\/page"}],"author":[{"embeddable":true,"href":"https:\/\/franckmarcelin.com\/en\/wp-json\/wp\/v2\/users\/1"}],"replies":[{"embeddable":true,"href":"https:\/\/franckmarcelin.com\/en\/wp-json\/wp\/v2\/comments?post=1801"}],"version-history":[{"count":2,"href":"https:\/\/franckmarcelin.com\/en\/wp-json\/wp\/v2\/pages\/1801\/revisions"}],"predecessor-version":[{"id":2823,"href":"https:\/\/franckmarcelin.com\/en\/wp-json\/wp\/v2\/pages\/1801\/revisions\/2823"}],"wp:attachment":[{"href":"https:\/\/franckmarcelin.com\/en\/wp-json\/wp\/v2\/media?parent=1801"}],"curies":[{"name":"wp","href":"https:\/\/api.w.org\/{rel}","templated":true}]}}